{"id":3869,"date":"2026-03-17T00:06:28","date_gmt":"2026-03-16T23:06:28","guid":{"rendered":"https:\/\/collectoapp.com\/cookie-policy\/"},"modified":"2026-04-29T16:13:44","modified_gmt":"2026-04-29T14:13:44","slug":"cookie-policy","status":"publish","type":"page","link":"https:\/\/collectoapp.com\/en\/cookie-policy\/","title":{"rendered":"Cookie Policy"},"content":{"rendered":"\t\t<div data-elementor-type=\"wp-page\" data-elementor-id=\"3869\" class=\"elementor elementor-3869 elementor-1318\" data-elementor-post-type=\"page\">\n\t\t\t\t<div class=\"elementor-element elementor-element-737eea9 e-con-full collecto-section-gray e-flex e-con e-parent\" data-id=\"737eea9\" data-element_type=\"container\" data-e-type=\"container\">\n\t\t<div class=\"elementor-element elementor-element-73a8867 max1280 e-flex e-con-boxed e-con e-child\" data-id=\"73a8867\" data-element_type=\"container\" data-e-type=\"container\">\n\t\t\t\t\t<div class=\"e-con-inner\">\n\t\t<div class=\"elementor-element elementor-element-ff2b64c e-con-full e-flex e-con e-child\" data-id=\"ff2b64c\" data-element_type=\"container\" data-e-type=\"container\">\n\t\t\t\t<div class=\"elementor-element elementor-element-352c36a elementor-widget elementor-widget-heading\" data-id=\"352c36a\" data-element_type=\"widget\" data-e-type=\"widget\" data-widget_type=\"heading.default\">\n\t\t\t\t\t<h2 class=\"elementor-heading-title elementor-size-default\">Cookie Policy<\/h2>\t\t\t\t<\/div>\n\t\t\t\t<div class=\"elementor-element elementor-element-23156f2 elementor-widget elementor-widget-text-editor\" data-id=\"23156f2\" data-element_type=\"widget\" data-e-type=\"widget\" data-widget_type=\"text-editor.default\">\n\t\t\t\t\t\t\t\t\tUltimo aggiornamento: Dicembre, 2023\t\t\t\t\t\t\t\t<\/div>\n\t\t\t\t<\/div>\n\t\t<div class=\"elementor-element elementor-element-523378c e-con-full e-flex e-con e-child\" data-id=\"523378c\" data-element_type=\"container\" data-e-type=\"container\">\n\t\t\t\t<div class=\"elementor-element elementor-element-ac1e164 elementor-widget elementor-widget-text-editor\" data-id=\"ac1e164\" data-element_type=\"widget\" data-e-type=\"widget\" data-widget_type=\"text-editor.default\">\n\t\t\t\t\t\t\t\t\tCon la presente informativa (di seguito anche \u201cCookie Policy\u201d), il titolare del trattamento, Collecto SRL, societ\u00e0 di diritto italiano, con sede legale in Via Pietro Paleocapa 6, 20121 Milano ed iscritta alla camera di commercio di Milano con P.IVA 13062490969 (di seguito, anche, la \u201cSociet\u00e0\u201d o il \u201cTitolare\u201d), desidera informare gli utenti del sito (di seguito, anche, l\u2019\u201cUtente\u201d o gli \u201cUtenti\u201d) relativamente all\u2019utilizzo dei cookie sul sito e App (di seguito anche il \u201cSito\u201d).\t\t\t\t\t\t\t\t<\/div>\n\t\t\t\t<\/div>\n\t\t<div class=\"elementor-element elementor-element-9b4f7b9 e-con-full e-flex e-con e-child\" data-id=\"9b4f7b9\" data-element_type=\"container\" data-e-type=\"container\">\n\t\t\t\t<div class=\"elementor-element elementor-element-f0378c0 elementor-widget elementor-widget-heading\" data-id=\"f0378c0\" data-element_type=\"widget\" data-e-type=\"widget\" data-widget_type=\"heading.default\">\n\t\t\t\t\t<h2 class=\"elementor-heading-title elementor-size-default\">Cosa sono i cookie, i web beacon e tecnologie similari?<\/h2>\t\t\t\t<\/div>\n\t\t\t\t<div class=\"elementor-element elementor-element-68a22a1 elementor-widget elementor-widget-text-editor\" data-id=\"68a22a1\" data-element_type=\"widget\" data-e-type=\"widget\" data-widget_type=\"text-editor.default\">\n\t\t\t\t\t\t\t\t\t<p>I cookie sono stringhe di testo di piccole dimensioni che il Sito invia al dispositivo terminale dell\u2019Utente (ad esempio: lo smartphone, il tablet o il computer), in grado di archiviare informazioni, che vengono, dunque, memorizzate per essere poi ritrasmesse al Sito, in occasione di una visita successiva. Sono strumenti utili, perch\u00e9 consentono al Sito di riconoscere il dispositivo dell\u2019Utente, assicurando una navigazione pi\u00f9 veloce tra le pagine web visitate \u2013 grazie alla memorizzazione delle preferenze gi\u00e0 espresse \u2013 migliorando l\u2019esperienza di navigazione dell\u2019Utente. In determinati casi, i cookie consentono anche di veicolare la pubblicit\u00e0 comportamentale (la c.d. \u201cbehavioural advertising\u201d) ovvero di conformare tipologia e modalit\u00e0 dei servizi resi ai comportamenti dell\u2019Utente oggetto di precedente osservazione. Per maggiori informazioni l\u2019Utente pu\u00f2 cliccare qui.   <\/p>\t\t\t\t\t\t\t\t<\/div>\n\t\t\t\t<div class=\"elementor-element elementor-element-7120944 elementor-widget elementor-widget-text-editor\" data-id=\"7120944\" data-element_type=\"widget\" data-e-type=\"widget\" data-widget_type=\"text-editor.default\">\n\t\t\t\t\t\t\t\t\tWeb beacon: frammenti di codice che consentono a un sito web di trasferire o raccogliere informazioni attraverso la richiesta di un\u2019immagine grafica; possono essere utilizzati per diversi fini, quali l\u2019analisi dell\u2019uso dei siti web, attivit\u00e0 di controllo e reportistica sulle pubblicit\u00e0 e la personalizzazione di pubblicit\u00e0 e contenuti.\t\t\t\t\t\t\t\t<\/div>\n\t\t\t\t<div class=\"elementor-element elementor-element-479d53e elementor-widget elementor-widget-text-editor\" data-id=\"479d53e\" data-element_type=\"widget\" data-e-type=\"widget\" data-widget_type=\"text-editor.default\">\n\t\t\t\t\t\t\t\t\tTecnologie similari: tecnologie che archiviano dati nel browser o dispositivo usando oggetti condivisi a livello locale o archiviazione locale, quali cookie flash, cookie HTML 5 e altri metodi software per applicazioni web. Queste tecnologie funzionano in tutti i browser. In alcuni casi, l\u2019uso dell\u2019archiviazione locale non pu\u00f2 essere pienamente gestito dai browser, ma richiede la gestione tramite strumenti specifici.  \t\t\t\t\t\t\t\t<\/div>\n\t\t\t\t<\/div>\n\t\t<div class=\"elementor-element elementor-element-dbbfc49 e-con-full e-flex e-con e-child\" data-id=\"dbbfc49\" data-element_type=\"container\" data-e-type=\"container\">\n\t\t\t\t<div class=\"elementor-element elementor-element-cea2e65 elementor-widget elementor-widget-heading\" data-id=\"cea2e65\" data-element_type=\"widget\" data-e-type=\"widget\" data-widget_type=\"heading.default\">\n\t\t\t\t\t<h2 class=\"elementor-heading-title elementor-size-default\">Categorie di cookie<\/h2>\t\t\t\t<\/div>\n\t\t\t\t<div class=\"elementor-element elementor-element-2044946 elementor-widget elementor-widget-text-editor\" data-id=\"2044946\" data-element_type=\"widget\" data-e-type=\"widget\" data-widget_type=\"text-editor.default\">\n\t\t\t\t\t\t\t\t\t<p>I cookie possono essere classificati secondo i seguenti criteri:<\/p><p><strong>dal punto di vista soggettivo, i cookie si distinguono in:<\/strong><\/p><ul role=\"list\"><li>cookie proprietari (o di prima parte): sono i cookie installati sul Sito direttamente dal Titolare del trattamento;<\/li><li>cookie di terze parti: sono i cookie installati sul Sito da soggetti terzi rispetto al Titolare;<br><br><\/li><\/ul><p><strong>dal punto di vista temporale, sulla base del tempo in cui rimangono attivi, si distinguono in:<\/strong><\/p><ul role=\"list\"><li>cookie di sessione: conservano le informazioni necessarie durante la sessione di navigazione e consentono al Sito di migliorare l\u2019esperienza di navigazione dell\u2019Utente. Le informazioni raccolte vengono eliminate con la chiusura del browser ovvero alla scadenza della sessione di navigazione; <\/li><li>cookie persistenti: utilizzati per memorizzare all\u2019interno del Sito le preferenze impostate dall\u2019Utente durante la navigazione e per facilitare l\u2019utilizzo di determinati servizi: essi permangono anche oltre la chiusura del browser;<\/li><\/ul><p><br><strong>dal punto di vista delle finalit\u00e0, i cookie si distinguono in:<\/strong><\/p><ul role=\"list\"><li>cookie tecnici: cookie, proprietari o di terze parti, strettamente necessari alla navigazione sul Sito da parte dell\u2019utente. Consentono la fruibilit\u00e0 dei servizi e\/o delle funzioni del Sito e rendono la navigazione agevole. Si tratta di dati utilizzati in forma anonima o aggregata e per i quali non \u00e8 richiesto uno specifico consenso dell\u2019utente al loro utilizzo;  <\/li><li>cookie analitici: cookie, proprietari o di terze parti, utilizzati per misurare il traffico di rete del Sito, vale a dire per ottenere informazioni statistiche, anche in forma aggregata, sul numero di Utenti che accedono al Sito e su come quest\u2019ultimo viene utilizzato. I cookie di tipo analitico possono essere ricompresi nella categoria di quelli tecnici, e come tali essere utilizzati in assenza della previa acquisizione del consenso dell\u2019interessato, solo nel caso in cui venga preclusa qualsiasi possibilit\u00e0 di pervenire, mediante il loro utilizzo, alla diretta individuazione dell\u2019utente interessato (il c.d. \u201csingle out\u201d); <\/li><li>cookie di profilazione o marketing: cookie, proprietari o di terze parti, utilizzati per tracciare un profilo dell\u2019Utente al fine di inviare messaggi pubblicitari coerenti con i gusti e le abitudini di consumo manifestate dallo stesso nell\u2019ambito della navigazione in rete (c.d. profilazione). In ragione della particolare invasivit\u00e0 che tali dispositivi possono avere nell\u2019ambito della sfera privata degli Utenti, la normativa europea e italiana prevedono che l\u2019utente debba essere adeguatamente informato sull\u2019uso degli stessi ed esprimere il proprio consenso libero e specifico in ordine all\u2019installazione degli stessi sul proprio dispositivo di navigazione. <\/li><\/ul><p><br><strong>Titolare del trattamento e Data protection Officer<\/strong><br><br>La societ\u00e0 che tratter\u00e0 i Suoi dati personali, in qualit\u00e0 di titolare del trattamento, definito dall\u2019art. 4, punto 7) del GDPR come \u201cla persona fisica o giuridica, l\u2019autorit\u00e0 pubblica, il servizio o altro organismo che, singolarmente o insieme ad altri, determina le finalit\u00e0 e i mezzi del trattamento di dati personali\u201d \u00e8 Collecto s.r.l. <br><br>Il Titolare del Trattamento, nell\u2019espletamento delle sue funzioni, pu\u00f2 avvalersi di persone fisiche, definite \u201cpersone autorizzate al trattamento dei dati personali\u201d, ovverosia persone che \u201coperano sotto la diretta autorit\u00e0 del titolare o del responsabile, attenendosi alle istruzioni impartite\u201d (di seguito le \u201cPersone Autorizzate al Trattamento\u201d). A tal proposito La informiamo che il Titolare del Trattamento ha provveduto a nominare tutti i propri dipendenti e collaboratori come Persone Autorizzate al Trattamento ai sensi dell\u2019art. 29 del Regolamento.  <br><br><strong>Il Titolare del Trattamento pu\u00f2 essere contattato tramite i seguenti canali:<\/strong><\/p><ul role=\"list\"><li>Scrivendo alla sede legale della Societ\u00e0<\/li><li>Inviando un messaggio di posta elettronica all\u2019indirizzo e-mail: <span style=\"text-decoration: underline;\">privacy@collectoapp.com<\/span><\/li><\/ul><p><br>Per qualsiasi informazione sul trattamento dei Dati Personali nonch\u00e9 per l\u2019esercizio dei tuoi diritti potrai rivolgerti al responsabile per la protezione dei dati designato dal Titolare ai sensi dell\u2019art. 37 del GDPR (il \u201cData Protection Officer\u201d o \u201cDPO\u201d). Potrai, in qualsiasi momento, contattare il Data Protection Officer al seguente indirizzo di posta elettronica:<span style=\"text-decoration: underline;\"> dpo@collectoapp.com<\/span>  <br><br><strong>Cookie utilizzati dal Sito<\/strong><br><br>Ai sensi del Regolamento (UE) 2016\/679 (\u201cGDPR\u201d o \u201cRegolamento\u201d) e delle \u201cLinee Guida cookie e altri strumenti di tracciamento\u201d pubblicate dal Garante per la protezione dei dati personali il 10 giugno 2021, il Titolare garantisce che sul Sito sono installati, per impostazione predefinita, solamente i cookie c.d. \u201ctecnici\u201d e \u201canalitici\u201d. Poich\u00e9 il Titolare adotta misure idonee a precludere la possibilit\u00e0 di pervenire, tramite il loro utilizzo, alla identificazione del soggetto che li riceve (ad esempio, tramite la raccolta di IP anonimizzati), tali cookie analitici utilizzati sono equiparati ai cookie tecnici. <br><br>Per l\u2019installazione dei cookie di profilazione \u00e8 invece richiesto il consenso facoltativo, specifico, libero ed informato da parte dell\u2019Utente, che pu\u00f2 essere prestato per ciascuna categoria di cookie, tramite l\u2019apposito cookie banner, secondo le modalit\u00e0 descritte nella presente cookie policy.<br><br><strong>Il Sito utilizza i seguenti cookie tecnici e analitici:<\/strong><\/p><ul role=\"list\"><li>Fornitore Nome Cookie Durata<\/li><li>Il Sito utilizza i seguenti cookie di profilazione:<\/li><li>Fornitore Informativa Consenso<\/li><\/ul><p><br><strong>Impostazioni del browser<\/strong><br><br>Modificando le impostazioni del proprio browser, l\u2019Utente pu\u00f2 stabilire le proprie preferenze sui cookie e decidere di subordinare l\u2019installazione di qualsiasi tipo di cookie al proprio consenso preventivo o di impedirne completamente l\u2019installazione. Ogni browser ha la propria configurazione per consentire all\u2019Utente di esprimere le proprie preferenze sui cookie. A tal fine, l\u2019Utente pu\u00f2 consultare i seguenti link:  <\/p><ul role=\"list\"><li>Google Chrome<\/li><li>Mozilla Firefox<\/li><li>Internet Explorer<\/li><li>Opera<\/li><li>Safari<\/li><\/ul><p><br><strong>Diritti degli Interessati<\/strong><br><br>Gli Utenti, in qualit\u00e0 di soggetti interessati dal trattamento, possono esercitare, liberamente e in qualsiasi momento, i diritti previsti dagli articoli 15-22 del Regolamento in quanto applicabili.<br><br>Al fine di consentirle di esercitare i diritti di cui agli articoli da 15 a 21 del GDPR, Lei potr\u00e0 contattare in qualsiasi momento il Titolare del Trattamento ai recapiti indicati all\u2019interno della presente Informativa. Per maggiori informazioni inerenti i diritti degli interessati e le modalit\u00e0 per il loro esercizio si rinvia all\u2019informativa privacy del Sito. <br><br>Potrai, in qualsiasi momento, contattare il Data Protection Officer al seguente indirizzo di posta elettronica: dpo@mailsupermoney.eu<br><br><strong>Trasferimento dei dati extra UE<\/strong><br><br>Il trattamento dei dati mediante l\u2019utilizzo dei cookie tecnici ed analitici non comporta trasferimento di dati al fuori del territorio dell\u2019Unione Europea. L\u2019uso dei cookie di profilazione di terze parti pu\u00f2 comportare il trasferimento dei dati al di fuori del territorio dell\u2019Unione Europea. In tal caso le terze parti, quali autonomi titolari del trattamento, sono responsabili di assicurare l\u2019adozione di misure di sicurezza adeguate ed appropriate al fine di proteggere i dati personali degli Utenti del Sito, ai sensi degli articoli 44 e ss. del Regolamento.  <br><br><strong>Modifiche e aggiornamenti<\/strong><br><br>La presente Cookie Policy pu\u00f2 essere soggetta a variazioni, anche in relazione agli aggiornamenti a modifiche e integrazioni della normativa vigente. Per tutto quanto non espressamente indicato in questo documento, si rinvia all\u2019informativa Privacy quale parte integrante della presente Cookie Policy. <\/p>\t\t\t\t\t\t\t\t<\/div>\n\t\t\t\t<\/div>\n\t\t\t\t\t<\/div>\n\t\t\t\t<\/div>\n\t\t\t\t<\/div>\n\t\t\t\t<\/div>\n\t\t","protected":false},"excerpt":{"rendered":"<p>Cookie Policy Ultimo aggiornamento: Dicembre, 2023Con la presente informativa (di seguito anche \u201cCookie Policy\u201d), il titolare del trattamento, Collecto SRL, societ\u00e0 di diritto italiano, con sede legale in Via Pietro Paleocapa 6, 20121 Milano ed iscritta alla camera di commercio di Milano con P.IVA 13062490969 (di seguito, anche, la \u201cSociet\u00e0\u201d o il \u201cTitolare\u201d), desidera informare [&hellip;]<\/p>\n","protected":false},"author":2,"featured_media":0,"parent":0,"menu_order":0,"comment_status":"closed","ping_status":"closed","template":"","meta":{"footnotes":""},"class_list":["post-3869","page","type-page","status-publish","hentry"],"yoast_head":"<!-- This site is optimized with the Yoast SEO plugin v27.5 - https:\/\/yoast.com\/product\/yoast-seo-wordpress\/ -->\n<title>Cookie Policy - collecto<\/title>\n<meta name=\"robots\" content=\"index, follow, max-snippet:-1, max-image-preview:large, max-video-preview:-1\" \/>\n<link rel=\"canonical\" href=\"https:\/\/collectoapp.com\/en\/cookie-policy\/\" \/>\n<meta property=\"og:locale\" content=\"en_US\" \/>\n<meta property=\"og:type\" content=\"article\" \/>\n<meta property=\"og:title\" content=\"Cookie Policy - collecto\" \/>\n<meta property=\"og:description\" content=\"Cookie Policy Ultimo aggiornamento: Dicembre, 2023Con la presente informativa (di seguito anche \u201cCookie Policy\u201d), il titolare del trattamento, Collecto SRL, societ\u00e0 di diritto italiano, con sede legale in Via Pietro Paleocapa 6, 20121 Milano ed iscritta alla camera di commercio di Milano con P.IVA 13062490969 (di seguito, anche, la \u201cSociet\u00e0\u201d o il \u201cTitolare\u201d), desidera informare [&hellip;]\" \/>\n<meta property=\"og:url\" content=\"https:\/\/collectoapp.com\/en\/cookie-policy\/\" \/>\n<meta property=\"og:site_name\" content=\"collecto\" \/>\n<meta property=\"article:modified_time\" content=\"2026-04-29T14:13:44+00:00\" \/>\n<meta name=\"twitter:card\" content=\"summary_large_image\" \/>\n<meta name=\"twitter:label1\" content=\"Est. reading time\" \/>\n\t<meta name=\"twitter:data1\" content=\"8 minutes\" \/>\n<script type=\"application\/ld+json\" class=\"yoast-schema-graph\">{\"@context\":\"https:\\\/\\\/schema.org\",\"@graph\":[{\"@type\":\"WebPage\",\"@id\":\"https:\\\/\\\/collectoapp.com\\\/en\\\/cookie-policy\\\/\",\"url\":\"https:\\\/\\\/collectoapp.com\\\/en\\\/cookie-policy\\\/\",\"name\":\"Cookie Policy - collecto\",\"isPartOf\":{\"@id\":\"https:\\\/\\\/collectoapp.com\\\/#website\"},\"datePublished\":\"2026-03-16T23:06:28+00:00\",\"dateModified\":\"2026-04-29T14:13:44+00:00\",\"breadcrumb\":{\"@id\":\"https:\\\/\\\/collectoapp.com\\\/en\\\/cookie-policy\\\/#breadcrumb\"},\"inLanguage\":\"en-US\",\"potentialAction\":[{\"@type\":\"ReadAction\",\"target\":[\"https:\\\/\\\/collectoapp.com\\\/en\\\/cookie-policy\\\/\"]}]},{\"@type\":\"BreadcrumbList\",\"@id\":\"https:\\\/\\\/collectoapp.com\\\/en\\\/cookie-policy\\\/#breadcrumb\",\"itemListElement\":[{\"@type\":\"ListItem\",\"position\":1,\"name\":\"Homepage\",\"item\":\"https:\\\/\\\/collectoapp.com\\\/en\\\/homepage\\\/\"},{\"@type\":\"ListItem\",\"position\":2,\"name\":\"Cookie Policy\"}]},{\"@type\":\"WebSite\",\"@id\":\"https:\\\/\\\/collectoapp.com\\\/#website\",\"url\":\"https:\\\/\\\/collectoapp.com\\\/\",\"name\":\"collecto\",\"description\":\"\",\"potentialAction\":[{\"@type\":\"SearchAction\",\"target\":{\"@type\":\"EntryPoint\",\"urlTemplate\":\"https:\\\/\\\/collectoapp.com\\\/?s={search_term_string}\"},\"query-input\":{\"@type\":\"PropertyValueSpecification\",\"valueRequired\":true,\"valueName\":\"search_term_string\"}}],\"inLanguage\":\"en-US\"}]}<\/script>\n<!-- \/ Yoast SEO plugin. -->","yoast_head_json":{"title":"Cookie Policy - collecto","robots":{"index":"index","follow":"follow","max-snippet":"max-snippet:-1","max-image-preview":"max-image-preview:large","max-video-preview":"max-video-preview:-1"},"canonical":"https:\/\/collectoapp.com\/en\/cookie-policy\/","og_locale":"en_US","og_type":"article","og_title":"Cookie Policy - collecto","og_description":"Cookie Policy Ultimo aggiornamento: Dicembre, 2023Con la presente informativa (di seguito anche \u201cCookie Policy\u201d), il titolare del trattamento, Collecto SRL, societ\u00e0 di diritto italiano, con sede legale in Via Pietro Paleocapa 6, 20121 Milano ed iscritta alla camera di commercio di Milano con P.IVA 13062490969 (di seguito, anche, la \u201cSociet\u00e0\u201d o il \u201cTitolare\u201d), desidera informare [&hellip;]","og_url":"https:\/\/collectoapp.com\/en\/cookie-policy\/","og_site_name":"collecto","article_modified_time":"2026-04-29T14:13:44+00:00","twitter_card":"summary_large_image","twitter_misc":{"Est. reading time":"8 minutes"},"schema":{"@context":"https:\/\/schema.org","@graph":[{"@type":"WebPage","@id":"https:\/\/collectoapp.com\/en\/cookie-policy\/","url":"https:\/\/collectoapp.com\/en\/cookie-policy\/","name":"Cookie Policy - collecto","isPartOf":{"@id":"https:\/\/collectoapp.com\/#website"},"datePublished":"2026-03-16T23:06:28+00:00","dateModified":"2026-04-29T14:13:44+00:00","breadcrumb":{"@id":"https:\/\/collectoapp.com\/en\/cookie-policy\/#breadcrumb"},"inLanguage":"en-US","potentialAction":[{"@type":"ReadAction","target":["https:\/\/collectoapp.com\/en\/cookie-policy\/"]}]},{"@type":"BreadcrumbList","@id":"https:\/\/collectoapp.com\/en\/cookie-policy\/#breadcrumb","itemListElement":[{"@type":"ListItem","position":1,"name":"Homepage","item":"https:\/\/collectoapp.com\/en\/homepage\/"},{"@type":"ListItem","position":2,"name":"Cookie Policy"}]},{"@type":"WebSite","@id":"https:\/\/collectoapp.com\/#website","url":"https:\/\/collectoapp.com\/","name":"collecto","description":"","potentialAction":[{"@type":"SearchAction","target":{"@type":"EntryPoint","urlTemplate":"https:\/\/collectoapp.com\/?s={search_term_string}"},"query-input":{"@type":"PropertyValueSpecification","valueRequired":true,"valueName":"search_term_string"}}],"inLanguage":"en-US"}]}},"_links":{"self":[{"href":"https:\/\/collectoapp.com\/en\/wp-json\/wp\/v2\/pages\/3869","targetHints":{"allow":["GET"]}}],"collection":[{"href":"https:\/\/collectoapp.com\/en\/wp-json\/wp\/v2\/pages"}],"about":[{"href":"https:\/\/collectoapp.com\/en\/wp-json\/wp\/v2\/types\/page"}],"author":[{"embeddable":true,"href":"https:\/\/collectoapp.com\/en\/wp-json\/wp\/v2\/users\/2"}],"replies":[{"embeddable":true,"href":"https:\/\/collectoapp.com\/en\/wp-json\/wp\/v2\/comments?post=3869"}],"version-history":[{"count":2,"href":"https:\/\/collectoapp.com\/en\/wp-json\/wp\/v2\/pages\/3869\/revisions"}],"predecessor-version":[{"id":3871,"href":"https:\/\/collectoapp.com\/en\/wp-json\/wp\/v2\/pages\/3869\/revisions\/3871"}],"wp:attachment":[{"href":"https:\/\/collectoapp.com\/en\/wp-json\/wp\/v2\/media?parent=3869"}],"curies":[{"name":"wp","href":"https:\/\/api.w.org\/{rel}","templated":true}]}}